{"id":547,"date":"2024-12-15T12:23:47","date_gmt":"2024-12-15T12:23:47","guid":{"rendered":"https:\/\/tallersonoro.com\/ignaciotorner\/?page_id=547"},"modified":"2026-04-26T08:09:11","modified_gmt":"2026-04-26T08:09:11","slug":"videos","status":"publish","type":"page","link":"https:\/\/tallersonoro.com\/ignaciotorner\/videos\/","title":{"rendered":"v\u00eddeos"},"content":{"rendered":"\n<div class=\"wp-block-group nfd-wb-animate nfd-wb-fade-in-right-short is-layout-grid wp-container-core-group-is-layout-6059c0ab wp-block-group-is-layout-grid\">\n<figure class=\"wp-embed-aspect-16-9 wp-has-aspect-ratio wp-block-embed is-type-video is-provider-youtube wp-block-embed-youtube\"><div class=\"wp-block-embed__wrapper\">\n<iframe loading=\"lazy\" title=\"Jes\u00fas Torres - Primera tristeza - Rocio de Frutos - Ignacio Torner\" width=\"990\" height=\"557\" src=\"https:\/\/www.youtube.com\/embed\/teY2aXStYgw?feature=oembed\" frameborder=\"0\" allow=\"accelerometer; autoplay; clipboard-write; encrypted-media; gyroscope; picture-in-picture; web-share\" referrerpolicy=\"strict-origin-when-cross-origin\" allowfullscreen><\/iframe>\n<\/div><\/figure>\n\n\n\n<figure class=\"wp-embed-aspect-16-9 wp-has-aspect-ratio wp-block-embed is-type-video is-provider-youtube wp-block-embed-youtube\"><div class=\"wp-block-embed__wrapper\">\n<iframe loading=\"lazy\" title=\"Grace Williams - Carillons - Oboe and Piano - Sarah Roper - Ignacio Torner\" width=\"990\" height=\"557\" src=\"https:\/\/www.youtube.com\/embed\/O4IjgAPh05I?feature=oembed\" frameborder=\"0\" allow=\"accelerometer; autoplay; clipboard-write; encrypted-media; gyroscope; picture-in-picture; web-share\" referrerpolicy=\"strict-origin-when-cross-origin\" allowfullscreen><\/iframe>\n<\/div><\/figure>\n\n\n\n<figure class=\"wp-embed-aspect-16-9 wp-has-aspect-ratio wp-block-embed is-type-video is-provider-youtube wp-block-embed-youtube\"><div class=\"wp-block-embed__wrapper\">\n<iframe loading=\"lazy\" title=\"Carlos Guastavino - Ya me voy a retirar - Roc\u00edo de Frutos - Ignacio Torner\" width=\"990\" height=\"557\" src=\"https:\/\/www.youtube.com\/embed\/1zdRKt8jmk8?feature=oembed\" frameborder=\"0\" allow=\"accelerometer; autoplay; clipboard-write; encrypted-media; gyroscope; picture-in-picture; web-share\" referrerpolicy=\"strict-origin-when-cross-origin\" allowfullscreen><\/iframe>\n<\/div><\/figure>\n\n\n\n<figure class=\"wp-embed-aspect-16-9 wp-has-aspect-ratio wp-block-embed is-type-video is-provider-youtube wp-block-embed-youtube\"><div class=\"wp-block-embed__wrapper\">\n<iframe loading=\"lazy\" title=\"Seung Jin Hong - Tears of a fat Vegan Shark - Elisa Urrestarazu - Ignacio Torner\" width=\"990\" height=\"557\" src=\"https:\/\/www.youtube.com\/embed\/Yg8wEtdkzwM?feature=oembed\" frameborder=\"0\" allow=\"accelerometer; autoplay; clipboard-write; encrypted-media; gyroscope; picture-in-picture; web-share\" referrerpolicy=\"strict-origin-when-cross-origin\" allowfullscreen><\/iframe>\n<\/div><\/figure>\n\n\n\n<figure class=\"wp-embed-aspect-16-9 wp-has-aspect-ratio wp-block-embed is-type-video is-provider-youtube wp-block-embed-youtube\"><div class=\"wp-block-embed__wrapper\">\n<iframe loading=\"lazy\" title=\"J. Bologne\/A. Talbot-Howard - New Chevalier Sonata for Oboe &amp; Piano - Sarah Roper, Ignacio Torner\" width=\"990\" height=\"557\" src=\"https:\/\/www.youtube.com\/embed\/5N5Ugyq3Y9E?feature=oembed\" frameborder=\"0\" allow=\"accelerometer; autoplay; clipboard-write; encrypted-media; gyroscope; picture-in-picture; web-share\" referrerpolicy=\"strict-origin-when-cross-origin\" allowfullscreen><\/iframe>\n<\/div><\/figure>\n\n\n\n<figure class=\"wp-embed-aspect-16-9 wp-has-aspect-ratio wp-block-embed is-type-video is-provider-youtube wp-block-embed-youtube\"><div class=\"wp-block-embed__wrapper\">\n<iframe loading=\"lazy\" title=\"Ferm\u00edn Mar\u00eda \u00c1lvarez - Idealismo \u00a1Yo! - Roc\u00edo de Frutos - Ignacio Torner\" width=\"990\" height=\"557\" src=\"https:\/\/www.youtube.com\/embed\/hJpuQwVE_HY?feature=oembed\" frameborder=\"0\" allow=\"accelerometer; autoplay; clipboard-write; encrypted-media; gyroscope; picture-in-picture; web-share\" referrerpolicy=\"strict-origin-when-cross-origin\" allowfullscreen><\/iframe>\n<\/div><\/figure>\n\n\n\n<figure class=\"wp-embed-aspect-16-9 wp-has-aspect-ratio wp-block-embed is-type-video is-provider-youtube wp-block-embed-youtube\"><div class=\"wp-block-embed__wrapper\">\n<iframe loading=\"lazy\" title=\"Manuel Castillo - Apuntes de Navidad (1952) - Ignacio Torner\" width=\"990\" height=\"557\" src=\"https:\/\/www.youtube.com\/embed\/y43Lns6BCu8?feature=oembed\" frameborder=\"0\" allow=\"accelerometer; autoplay; clipboard-write; encrypted-media; gyroscope; picture-in-picture; web-share\" referrerpolicy=\"strict-origin-when-cross-origin\" allowfullscreen><\/iframe>\n<\/div><\/figure>\n\n\n\n<figure class=\"wp-embed-aspect-16-9 wp-has-aspect-ratio wp-block-embed is-type-video is-provider-youtube wp-block-embed-youtube\"><div class=\"wp-block-embed__wrapper\">\n<iframe loading=\"lazy\" title=\"Guillermo Cobo - Energ\u00eda del vac\u00edo (2019) - Ignacio Torner\" width=\"990\" height=\"557\" src=\"https:\/\/www.youtube.com\/embed\/GQTFaDhPNG4?feature=oembed\" frameborder=\"0\" allow=\"accelerometer; autoplay; clipboard-write; encrypted-media; gyroscope; picture-in-picture; web-share\" referrerpolicy=\"strict-origin-when-cross-origin\" allowfullscreen><\/iframe>\n<\/div><\/figure>\n\n\n\n<figure class=\"wp-embed-aspect-16-9 wp-has-aspect-ratio wp-block-embed is-type-video is-provider-youtube wp-block-embed-youtube\"><div class=\"wp-block-embed__wrapper\">\n<iframe loading=\"lazy\" title=\"Clara Wieck Schumann - Liebst du um Schonheit - Roc\u00edo de Frutos - Ignacio Torner\" width=\"990\" height=\"557\" src=\"https:\/\/www.youtube.com\/embed\/eNZIHELlV2w?feature=oembed\" frameborder=\"0\" allow=\"accelerometer; autoplay; clipboard-write; encrypted-media; gyroscope; picture-in-picture; web-share\" referrerpolicy=\"strict-origin-when-cross-origin\" allowfullscreen><\/iframe>\n<\/div><\/figure>\n\n\n\n<figure class=\"wp-embed-aspect-16-9 wp-has-aspect-ratio wp-block-embed is-type-video is-provider-youtube wp-block-embed-youtube\"><div class=\"wp-block-embed__wrapper\">\n<iframe loading=\"lazy\" title=\"Robert Schumann - Hor ich das liedchen klingen - Rocio de Frutos - Ignacio Torner\" width=\"990\" height=\"557\" src=\"https:\/\/www.youtube.com\/embed\/_5_y51Vzcec?feature=oembed\" frameborder=\"0\" allow=\"accelerometer; autoplay; clipboard-write; encrypted-media; gyroscope; picture-in-picture; web-share\" referrerpolicy=\"strict-origin-when-cross-origin\" allowfullscreen><\/iframe>\n<\/div><\/figure>\n\n\n\n<figure class=\"wp-embed-aspect-16-9 wp-has-aspect-ratio wp-block-embed is-type-video is-provider-youtube wp-block-embed-youtube\"><div class=\"wp-block-embed__wrapper\">\n<iframe loading=\"lazy\" title=\"Fanny Mendelssohn Hensel - Schwanenlied - Sarah Roper - Ignacio Torner\" width=\"990\" height=\"557\" src=\"https:\/\/www.youtube.com\/embed\/xmE6Bhu0dwo?feature=oembed\" frameborder=\"0\" allow=\"accelerometer; autoplay; clipboard-write; encrypted-media; gyroscope; picture-in-picture; web-share\" referrerpolicy=\"strict-origin-when-cross-origin\" allowfullscreen><\/iframe>\n<\/div><\/figure>\n\n\n\n<figure class=\"wp-embed-aspect-16-9 wp-has-aspect-ratio wp-block-embed is-type-video is-provider-youtube wp-block-embed-youtube\"><div class=\"wp-block-embed__wrapper\">\n<iframe loading=\"lazy\" title=\"Manuel de Falla - Asturiana - Marivi Blasco - Ignacio Torner\" width=\"990\" height=\"557\" src=\"https:\/\/www.youtube.com\/embed\/VepRyPc__X4?feature=oembed\" frameborder=\"0\" allow=\"accelerometer; autoplay; clipboard-write; encrypted-media; gyroscope; picture-in-picture; web-share\" referrerpolicy=\"strict-origin-when-cross-origin\" allowfullscreen><\/iframe>\n<\/div><\/figure>\n\n\n\n<figure class=\"wp-embed-aspect-16-9 wp-has-aspect-ratio wp-block-embed is-type-video is-provider-youtube wp-block-embed-youtube\"><div class=\"wp-block-embed__wrapper\">\n<iframe loading=\"lazy\" title=\"Mariv\u00ed Blasco - Ignacio Torner - Vocalise op.34 n14 - Sergei Rachmaninoff\" width=\"990\" height=\"557\" src=\"https:\/\/www.youtube.com\/embed\/i_r3fpqpjOY?feature=oembed\" frameborder=\"0\" allow=\"accelerometer; autoplay; clipboard-write; encrypted-media; gyroscope; picture-in-picture; web-share\" referrerpolicy=\"strict-origin-when-cross-origin\" allowfullscreen><\/iframe>\n<\/div><\/figure>\n\n\n\n<figure class=\"wp-embed-aspect-16-9 wp-has-aspect-ratio wp-block-embed is-type-video is-provider-youtube wp-block-embed-youtube\"><div class=\"wp-block-embed__wrapper\">\n<iframe loading=\"lazy\" title=\"Alyssa Morris - YELLOW - Sarah Roper - Ignacio Torner\" width=\"990\" height=\"557\" src=\"https:\/\/www.youtube.com\/embed\/vsbodr9uW4Q?feature=oembed\" frameborder=\"0\" allow=\"accelerometer; autoplay; clipboard-write; encrypted-media; gyroscope; picture-in-picture; web-share\" referrerpolicy=\"strict-origin-when-cross-origin\" allowfullscreen><\/iframe>\n<\/div><\/figure>\n\n\n\n<figure class=\"wp-embed-aspect-16-9 wp-has-aspect-ratio wp-block-embed is-type-video is-provider-youtube wp-block-embed-youtube\"><div class=\"wp-block-embed__wrapper\">\n<iframe loading=\"lazy\" title=\"Thea Musgrave - Night Windows: III.Nostalgia - Sarah Roper - Ignacio Torner\" width=\"990\" height=\"557\" src=\"https:\/\/www.youtube.com\/embed\/6Hg7-GfQoxM?feature=oembed\" frameborder=\"0\" allow=\"accelerometer; autoplay; clipboard-write; encrypted-media; gyroscope; picture-in-picture; web-share\" referrerpolicy=\"strict-origin-when-cross-origin\" allowfullscreen><\/iframe>\n<\/div><\/figure>\n\n\n\n<figure class=\"wp-embed-aspect-16-9 wp-has-aspect-ratio wp-block-embed is-type-video is-provider-youtube wp-block-embed-youtube\"><div class=\"wp-block-embed__wrapper\">\n<iframe loading=\"lazy\" title=\"Hermes Luaces - Gacela de la muerte oscura - Roc\u00edo de Frutos - Ignacio Torner\" width=\"990\" height=\"557\" src=\"https:\/\/www.youtube.com\/embed\/DImOQUgro2Q?feature=oembed\" frameborder=\"0\" allow=\"accelerometer; autoplay; clipboard-write; encrypted-media; gyroscope; picture-in-picture; web-share\" referrerpolicy=\"strict-origin-when-cross-origin\" allowfullscreen><\/iframe>\n<\/div><\/figure>\n\n\n\n<figure class=\"wp-embed-aspect-16-9 wp-has-aspect-ratio wp-block-embed is-type-video is-provider-youtube wp-block-embed-youtube\"><div class=\"wp-block-embed__wrapper\">\n<iframe loading=\"lazy\" title=\"Vicente Blanes - El Oc\u00e9ano sin Fin - Ignacio Torner\" width=\"990\" height=\"557\" src=\"https:\/\/www.youtube.com\/embed\/MPGBZJJEKWk?feature=oembed\" frameborder=\"0\" allow=\"accelerometer; autoplay; clipboard-write; encrypted-media; gyroscope; picture-in-picture; web-share\" referrerpolicy=\"strict-origin-when-cross-origin\" allowfullscreen><\/iframe>\n<\/div><\/figure>\n\n\n\n<figure class=\"wp-embed-aspect-16-9 wp-has-aspect-ratio wp-block-embed is-type-video is-provider-youtube wp-block-embed-youtube\"><div class=\"wp-block-embed__wrapper\">\n<iframe loading=\"lazy\" title=\"Mariv\u00ed Blasco &amp; Ignacio Torner (John Dowland; Come again)\" width=\"990\" height=\"557\" src=\"https:\/\/www.youtube.com\/embed\/d2kDTwMxBPY?feature=oembed\" frameborder=\"0\" allow=\"accelerometer; autoplay; clipboard-write; encrypted-media; gyroscope; picture-in-picture; web-share\" referrerpolicy=\"strict-origin-when-cross-origin\" allowfullscreen><\/iframe>\n<\/div><\/figure>\n\n\n\n<figure class=\"wp-embed-aspect-16-9 wp-has-aspect-ratio wp-block-embed is-type-video is-provider-youtube wp-block-embed-youtube\"><div class=\"wp-block-embed__wrapper\">\n<iframe loading=\"lazy\" title=\"\u00c9 un folle, \u00e9 un ville (Oronte&#039;s aria) - Haendel - F. Fern\u00e1ndez Rueda, tenor; I. Torner, piano\" width=\"990\" height=\"557\" src=\"https:\/\/www.youtube.com\/embed\/8NdZM2S9-qA?feature=oembed\" frameborder=\"0\" allow=\"accelerometer; autoplay; clipboard-write; encrypted-media; gyroscope; picture-in-picture; web-share\" referrerpolicy=\"strict-origin-when-cross-origin\" allowfullscreen><\/iframe>\n<\/div><\/figure>\n\n\n\n<figure class=\"wp-embed-aspect-16-9 wp-has-aspect-ratio wp-block-embed is-type-video is-provider-youtube wp-block-embed-youtube\"><div class=\"wp-block-embed__wrapper\">\n<iframe loading=\"lazy\" title=\"La Giralda (Joaqu\u00edn Turina) - F. Fern\u00e1ndez, tenor - Ignacio Torner, piano\" width=\"990\" height=\"557\" src=\"https:\/\/www.youtube.com\/embed\/mGOACyGwAho?feature=oembed\" frameborder=\"0\" allow=\"accelerometer; autoplay; clipboard-write; encrypted-media; gyroscope; picture-in-picture; web-share\" referrerpolicy=\"strict-origin-when-cross-origin\" allowfullscreen><\/iframe>\n<\/div><\/figure>\n\n\n\n<figure class=\"wp-embed-aspect-16-9 wp-has-aspect-ratio wp-block-embed is-type-video is-provider-youtube wp-block-embed-youtube\"><div class=\"wp-block-embed__wrapper\">\n<iframe loading=\"lazy\" title=\"Geduld, geduld! - J. S. Bach - Fran Fernandez, tenor \/ Ignacio Torner, piano\" width=\"990\" height=\"557\" src=\"https:\/\/www.youtube.com\/embed\/L2V4UffRKYc?feature=oembed\" frameborder=\"0\" allow=\"accelerometer; autoplay; clipboard-write; encrypted-media; gyroscope; picture-in-picture; web-share\" referrerpolicy=\"strict-origin-when-cross-origin\" allowfullscreen><\/iframe>\n<\/div><\/figure>\n<\/div>\n","protected":false},"excerpt":{"rendered":"","protected":false},"author":1,"featured_media":0,"parent":0,"menu_order":0,"comment_status":"closed","ping_status":"closed","template":"","meta":{"nf_dc_page":"","footnotes":""},"class_list":["post-547","page","type-page","status-publish","hentry"],"_links":{"self":[{"href":"https:\/\/tallersonoro.com\/ignaciotorner\/wp-json\/wp\/v2\/pages\/547","targetHints":{"allow":["GET"]}}],"collection":[{"href":"https:\/\/tallersonoro.com\/ignaciotorner\/wp-json\/wp\/v2\/pages"}],"about":[{"href":"https:\/\/tallersonoro.com\/ignaciotorner\/wp-json\/wp\/v2\/types\/page"}],"author":[{"embeddable":true,"href":"https:\/\/tallersonoro.com\/ignaciotorner\/wp-json\/wp\/v2\/users\/1"}],"replies":[{"embeddable":true,"href":"https:\/\/tallersonoro.com\/ignaciotorner\/wp-json\/wp\/v2\/comments?post=547"}],"version-history":[{"count":6,"href":"https:\/\/tallersonoro.com\/ignaciotorner\/wp-json\/wp\/v2\/pages\/547\/revisions"}],"predecessor-version":[{"id":755,"href":"https:\/\/tallersonoro.com\/ignaciotorner\/wp-json\/wp\/v2\/pages\/547\/revisions\/755"}],"wp:attachment":[{"href":"https:\/\/tallersonoro.com\/ignaciotorner\/wp-json\/wp\/v2\/media?parent=547"}],"curies":[{"name":"wp","href":"https:\/\/api.w.org\/{rel}","templated":true}]}}